{"id":158,"date":"2024-03-25T23:40:19","date_gmt":"2024-03-25T23:40:19","guid":{"rendered":"https:\/\/cjfa.pt\/?page_id=158"},"modified":"2024-03-28T16:09:12","modified_gmt":"2024-03-28T16:09:12","slug":"cifu","status":"publish","type":"page","link":"https:\/\/cjfa.pt\/?page_id=158","title":{"rendered":"COMUNIDADE DE INSER\u00c7\u00c3O DE MULHERES EM RISCO"},"content":{"rendered":"\t\t<div data-elementor-type=\"wp-page\" data-elementor-id=\"158\" class=\"elementor elementor-158\" data-elementor-post-type=\"page\">\n\t\t\t\t<div class=\"elementor-element elementor-element-7032683 e-flex e-con-boxed e-con e-parent\" data-id=\"7032683\" data-element_type=\"container\" data-core-v316-plus=\"true\">\n\t\t\t\t\t<div class=\"e-con-inner\">\n\t\t\t\t<div class=\"elementor-element elementor-element-2c16c68 elementor-arrows-position-outside elementor-pagination-position-outside elementor-widget elementor-widget-image-carousel\" data-id=\"2c16c68\" data-element_type=\"widget\" data-settings=\"{&quot;slides_to_show&quot;:&quot;1&quot;,&quot;navigation&quot;:&quot;both&quot;,&quot;autoplay&quot;:&quot;yes&quot;,&quot;pause_on_hover&quot;:&quot;yes&quot;,&quot;pause_on_interaction&quot;:&quot;yes&quot;,&quot;autoplay_speed&quot;:5000,&quot;infinite&quot;:&quot;yes&quot;,&quot;effect&quot;:&quot;slide&quot;,&quot;speed&quot;:500}\" data-widget_type=\"image-carousel.default\">\n\t\t\t\t<div class=\"elementor-widget-container\">\n\t\t\t<style>\/*! elementor - v3.20.0 - 13-03-2024 *\/\n.elementor-widget-image-carousel .swiper,.elementor-widget-image-carousel .swiper-container{position:static}.elementor-widget-image-carousel .swiper-container .swiper-slide figure,.elementor-widget-image-carousel .swiper .swiper-slide figure{line-height:inherit}.elementor-widget-image-carousel .swiper-slide{text-align:center}.elementor-image-carousel-wrapper:not(.swiper-container-initialized):not(.swiper-initialized) .swiper-slide{max-width:calc(100% \/ var(--e-image-carousel-slides-to-show, 3))}<\/style>\t\t<div class=\"elementor-image-carousel-wrapper swiper\" dir=\"ltr\">\n\t\t\t<div class=\"elementor-image-carousel swiper-wrapper\" aria-live=\"off\">\n\t\t\t\t\t\t\t\t<div class=\"swiper-slide\" role=\"group\" aria-roledescription=\"slide\" aria-label=\"1 of 6\"><figure class=\"swiper-slide-inner\"><img decoding=\"async\" class=\"swiper-slide-image\" src=\"https:\/\/cjfa.pt\/wp-content\/uploads\/2024\/03\/cifu1.jpg\" alt=\"Acolhimento tempor\u00e1rio de mulheres, com ou sem filhos\" \/><figcaption class=\"elementor-image-carousel-caption\">Acolhimento tempor\u00e1rio de mulheres, com ou sem filhos<\/figcaption><\/figure><\/div><div class=\"swiper-slide\" role=\"group\" aria-roledescription=\"slide\" aria-label=\"2 of 6\"><figure class=\"swiper-slide-inner\"><img decoding=\"async\" class=\"swiper-slide-image\" src=\"https:\/\/cjfa.pt\/wp-content\/uploads\/2024\/03\/cifu2.jpg\" alt=\"Sala de estar\" \/><figcaption class=\"elementor-image-carousel-caption\">Sala de estar<\/figcaption><\/figure><\/div><div class=\"swiper-slide\" role=\"group\" aria-roledescription=\"slide\" aria-label=\"3 of 6\"><figure class=\"swiper-slide-inner\"><img decoding=\"async\" class=\"swiper-slide-image\" src=\"https:\/\/cjfa.pt\/wp-content\/uploads\/2024\/03\/cifu3.jpg\" alt=\"Espa\u00e7o de refei\u00e7\u00e3o\" \/><figcaption class=\"elementor-image-carousel-caption\">Espa\u00e7o de refei\u00e7\u00e3o<\/figcaption><\/figure><\/div><div class=\"swiper-slide\" role=\"group\" aria-roledescription=\"slide\" aria-label=\"4 of 6\"><figure class=\"swiper-slide-inner\"><img decoding=\"async\" class=\"swiper-slide-image\" src=\"https:\/\/cjfa.pt\/wp-content\/uploads\/2024\/03\/cifu4.jpg\" alt=\"Vista da cozinha para o espa\u00e7o da refei\u00e7\u00e3o\" \/><figcaption class=\"elementor-image-carousel-caption\">Vista da cozinha para o espa\u00e7o da refei\u00e7\u00e3o<\/figcaption><\/figure><\/div><div class=\"swiper-slide\" role=\"group\" aria-roledescription=\"slide\" aria-label=\"5 of 6\"><figure class=\"swiper-slide-inner\"><img decoding=\"async\" class=\"swiper-slide-image\" src=\"https:\/\/cjfa.pt\/wp-content\/uploads\/2024\/03\/cifu5.jpg\" alt=\"Quarto de dormir\" \/><figcaption class=\"elementor-image-carousel-caption\">Quarto de dormir<\/figcaption><\/figure><\/div><div class=\"swiper-slide\" role=\"group\" aria-roledescription=\"slide\" aria-label=\"6 of 6\"><figure class=\"swiper-slide-inner\"><img decoding=\"async\" class=\"swiper-slide-image\" src=\"https:\/\/cjfa.pt\/wp-content\/uploads\/2024\/03\/cifu6.jpg\" alt=\"Cozinha \u2013 vista parcial\" \/><figcaption class=\"elementor-image-carousel-caption\">Cozinha \u2013 vista parcial<\/figcaption><\/figure><\/div>\t\t\t<\/div>\n\t\t\t\t\t\t\t\t\t\t\t\t<div class=\"elementor-swiper-button elementor-swiper-button-prev\" role=\"button\" tabindex=\"0\">\n\t\t\t\t\t\t<svg aria-hidden=\"true\" class=\"e-font-icon-svg e-eicon-chevron-left\" viewBox=\"0 0 1000 1000\" xmlns=\"http:\/\/www.w3.org\/2000\/svg\"><path d=\"M646 125C629 125 613 133 604 142L308 442C296 454 292 471 292 487 292 504 296 521 308 533L604 854C617 867 629 875 646 875 663 875 679 871 692 858 704 846 713 829 713 812 713 796 708 779 692 767L438 487 692 225C700 217 708 204 708 187 708 171 704 154 692 142 675 129 663 125 646 125Z\"><\/path><\/svg>\t\t\t\t\t<\/div>\n\t\t\t\t\t<div class=\"elementor-swiper-button elementor-swiper-button-next\" role=\"button\" tabindex=\"0\">\n\t\t\t\t\t\t<svg aria-hidden=\"true\" class=\"e-font-icon-svg e-eicon-chevron-right\" viewBox=\"0 0 1000 1000\" xmlns=\"http:\/\/www.w3.org\/2000\/svg\"><path d=\"M696 533C708 521 713 504 713 487 713 471 708 454 696 446L400 146C388 133 375 125 354 125 338 125 325 129 313 142 300 154 292 171 292 187 292 204 296 221 308 233L563 492 304 771C292 783 288 800 288 817 288 833 296 850 308 863 321 871 338 875 354 875 371 875 388 867 400 854L696 533Z\"><\/path><\/svg>\t\t\t\t\t<\/div>\n\t\t\t\t\n\t\t\t\t\t\t\t\t\t<div class=\"swiper-pagination\"><\/div>\n\t\t\t\t\t\t\t\t\t<\/div>\n\t\t\t\t<\/div>\n\t\t\t\t<\/div>\n\t\t\t\t<div class=\"elementor-element elementor-element-50a27c2 elementor-widget elementor-widget-text-editor\" data-id=\"50a27c2\" data-element_type=\"widget\" data-widget_type=\"text-editor.default\">\n\t\t\t\t<div class=\"elementor-widget-container\">\n\t\t\t<style>\/*! elementor - v3.20.0 - 13-03-2024 *\/\n.elementor-widget-text-editor.elementor-drop-cap-view-stacked .elementor-drop-cap{background-color:#69727d;color:#fff}.elementor-widget-text-editor.elementor-drop-cap-view-framed .elementor-drop-cap{color:#69727d;border:3px solid;background-color:transparent}.elementor-widget-text-editor:not(.elementor-drop-cap-view-default) .elementor-drop-cap{margin-top:8px}.elementor-widget-text-editor:not(.elementor-drop-cap-view-default) .elementor-drop-cap-letter{width:1em;height:1em}.elementor-widget-text-editor .elementor-drop-cap{float:left;text-align:center;line-height:1;font-size:50px}.elementor-widget-text-editor .elementor-drop-cap-letter{display:inline-block}<\/style>\t\t\t\t<p>A Comunidade de Inser\u00e7\u00e3o de Mulheres em Risco (CIFU) tem como objectivo geral a preven\u00e7\u00e3o e repara\u00e7\u00e3o de situa\u00e7\u00f5es de exclus\u00e3o ou vulnerabilidade social, atrav\u00e9s do acolhimento tempor\u00e1rio de mulheres, com ou sem filhos, em situa\u00e7\u00e3o de risco e\/ou v\u00edtimas de viol\u00eancia dom\u00e9stica, colocadas pelos Tribunais ou pelas CPCJ, sempre em articula\u00e7\u00e3o com outras respostas e servi\u00e7os da comunidade. S\u00e3o providenciados o alojamento, alimenta\u00e7\u00e3o e cuidados de higiene, para al\u00e9m de apoio psicol\u00f3gico e social, a cada um dos elementos que integra a CIFU, respeitando sempre a sua dignidade humana, e ajudando a promover a sua autonomia e a reconstru\u00e7\u00e3o do seu projecto de vida. As crian\u00e7as acolhidas com as m\u00e3es t\u00eam processos de Promo\u00e7\u00e3o e Protec\u00e7\u00e3o, e dependendo do seu escal\u00e3o et\u00e1rio e do seu desenvolvimento, integram-se nos diferentes servi\u00e7os educacionais \u2013 Creches, Jardim de Inf\u00e2ncia e\/ou Pr\u00e9-Prim\u00e1ria, Escola EB1, Escolas EB2,3 e Escola Secund\u00e1ria. Sempre que poss\u00edvel promovem-se actividades no exterior. A Comunidade de Inser\u00e7\u00e3o tem casa pr\u00f3pria, isolada no espa\u00e7o total da sede da Comunidade Juvenil Francisco de Assis. Com capacidade para 15 utentes (m\u00e3es e filhos), funciona 24h por dia, durante todo o ano, como consta do Regulamento Interno, tendo um Acordo At\u00edpico homologado em Coimbra, a 1 de Junho de 2000.<\/p>\n<p>Separada da outra resposta social atrav\u00e9s de uma linha de edif\u00edcios que cont\u00eam os servi\u00e7os comuns, como: Rouparia com telheiro de secagem de roupa, Lavandaria, Servi\u00e7os Administrativos e de Contabilidade, Ludoteca, Gabinetes T\u00e9cnicos e da Direc\u00e7\u00e3o, Bibilioteca, Sala de Estudo e de Visitas, Cozinha, Refeit\u00f3rio e Oficina.<i><\/i><\/p>\n<p>Ap\u00f3s um per\u00edodo de adapta\u00e7\u00e3o, e privilegiando metodologias de interven\u00e7\u00e3o centradas na situa\u00e7\u00e3o concreta e \u00fanica de cada caso, procura-se a melhor solu\u00e7\u00e3o para a autonomiza\u00e7\u00e3o de cada utente &#8211; mulheres e filho(s) &#8211; atrav\u00e9s do treino das compet\u00eancias pessoais e parentais (no caso de haver filhos), sociais e profissionais. Internamente promove-se o treino de compet\u00eancias em \u00e1reas como a Gest\u00e3o Dom\u00e9stica, a Organiza\u00e7\u00e3o da Vida Quotidiana e da Economia Familiar, ao mesmo tempo que se faz um acompanhamento psicossocial; s\u00e3o tamb\u00e9m verificadas as condi\u00e7\u00f5es de sa\u00fade de cada utente, levando por vezes a m\u00faltiplas consultas, de modo a controlar o melhor poss\u00edvel este aspecto fundamental para que se possam trabalhar as outras \u00e1reas.<\/p>\n<p>Externamente, procura-se integrar a utente ou numa experi\u00eancia de trabalho ou numa Forma\u00e7\u00e3o Profissional, e em caso de n\u00e3o ter a Escolaridade B\u00e1sica, procura-se encontrar forma\u00e7\u00f5es que certifiquem tamb\u00e9m a escolaridade pelo menos at\u00e9 ao 9\u00ba ano.<\/p>\n<p>A Comunidade de Inser\u00e7\u00e3o de Mulheres em Risco tem uma Directora T\u00e9cnica, uma Psic\u00f3loga a tempo parcial, e duas funcion\u00e1rias a tempo inteiro.<i><\/i><\/p>\t\t\t\t\t\t<\/div>\n\t\t\t\t<\/div>\n\t\t\t\t\t<\/div>\n\t\t\t\t<\/div>\n\t\t\t\t<\/div>\n\t\t","protected":false},"excerpt":{"rendered":"<p>Acolhimento tempor\u00e1rio de mulheres, com ou sem filhos Sala de estar Espa\u00e7o de refei\u00e7\u00e3o Vista da cozinha para o espa\u00e7o da refei\u00e7\u00e3o Quarto de dormir Cozinha \u2013 vista parcial A Comunidade de Inser\u00e7\u00e3o de Mulheres em Risco (CIFU) tem como objectivo geral a preven\u00e7\u00e3o e repara\u00e7\u00e3o de situa\u00e7\u00f5es de exclus\u00e3o ou vulnerabilidade social, atrav\u00e9s do [&hellip;]<\/p>\n","protected":false},"author":1,"featured_media":0,"parent":0,"menu_order":0,"comment_status":"closed","ping_status":"closed","template":"","meta":{"footnotes":""},"_links":{"self":[{"href":"https:\/\/cjfa.pt\/index.php?rest_route=\/wp\/v2\/pages\/158"}],"collection":[{"href":"https:\/\/cjfa.pt\/index.php?rest_route=\/wp\/v2\/pages"}],"about":[{"href":"https:\/\/cjfa.pt\/index.php?rest_route=\/wp\/v2\/types\/page"}],"author":[{"embeddable":true,"href":"https:\/\/cjfa.pt\/index.php?rest_route=\/wp\/v2\/users\/1"}],"replies":[{"embeddable":true,"href":"https:\/\/cjfa.pt\/index.php?rest_route=%2Fwp%2Fv2%2Fcomments&post=158"}],"version-history":[{"count":13,"href":"https:\/\/cjfa.pt\/index.php?rest_route=\/wp\/v2\/pages\/158\/revisions"}],"predecessor-version":[{"id":470,"href":"https:\/\/cjfa.pt\/index.php?rest_route=\/wp\/v2\/pages\/158\/revisions\/470"}],"wp:attachment":[{"href":"https:\/\/cjfa.pt\/index.php?rest_route=%2Fwp%2Fv2%2Fmedia&parent=158"}],"curies":[{"name":"wp","href":"https:\/\/api.w.org\/{rel}","templated":true}]}}