{"id":220,"date":"2024-03-26T00:37:09","date_gmt":"2024-03-26T00:37:09","guid":{"rendered":"https:\/\/cjfa.pt\/?page_id=220"},"modified":"2024-03-28T16:11:24","modified_gmt":"2024-03-28T16:11:24","slug":"actividades","status":"publish","type":"page","link":"https:\/\/cjfa.pt\/?page_id=220","title":{"rendered":"Actividades"},"content":{"rendered":"\t\t<div data-elementor-type=\"wp-page\" data-elementor-id=\"220\" class=\"elementor elementor-220\" data-elementor-post-type=\"page\">\n\t\t\t\t<div class=\"elementor-element elementor-element-7032683 e-flex e-con-boxed e-con e-parent\" data-id=\"7032683\" data-element_type=\"container\" data-core-v316-plus=\"true\">\n\t\t\t\t\t<div class=\"e-con-inner\">\n\t\t\t\t<div class=\"elementor-element elementor-element-2c16c68 elementor-arrows-position-outside elementor-pagination-position-outside elementor-widget elementor-widget-image-carousel\" data-id=\"2c16c68\" data-element_type=\"widget\" data-settings=\"{&quot;slides_to_show&quot;:&quot;1&quot;,&quot;navigation&quot;:&quot;both&quot;,&quot;autoplay&quot;:&quot;yes&quot;,&quot;pause_on_hover&quot;:&quot;yes&quot;,&quot;pause_on_interaction&quot;:&quot;yes&quot;,&quot;autoplay_speed&quot;:5000,&quot;infinite&quot;:&quot;yes&quot;,&quot;effect&quot;:&quot;slide&quot;,&quot;speed&quot;:500}\" data-widget_type=\"image-carousel.default\">\n\t\t\t\t<div class=\"elementor-widget-container\">\n\t\t\t<style>\/*! elementor - v3.20.0 - 13-03-2024 *\/\n.elementor-widget-image-carousel .swiper,.elementor-widget-image-carousel .swiper-container{position:static}.elementor-widget-image-carousel .swiper-container .swiper-slide figure,.elementor-widget-image-carousel .swiper .swiper-slide figure{line-height:inherit}.elementor-widget-image-carousel .swiper-slide{text-align:center}.elementor-image-carousel-wrapper:not(.swiper-container-initialized):not(.swiper-initialized) .swiper-slide{max-width:calc(100% \/ var(--e-image-carousel-slides-to-show, 3))}<\/style>\t\t<div class=\"elementor-image-carousel-wrapper swiper\" dir=\"ltr\">\n\t\t\t<div class=\"elementor-image-carousel swiper-wrapper\" aria-live=\"off\">\n\t\t\t\t\t\t\t\t<div class=\"swiper-slide\" role=\"group\" aria-roledescription=\"slide\" aria-label=\"1 of 7\"><figure class=\"swiper-slide-inner\"><img decoding=\"async\" class=\"swiper-slide-image\" src=\"https:\/\/cjfa.pt\/wp-content\/uploads\/2024\/03\/actividades1.jpg\" alt=\"Campe\u00f5es do Futebol de Rua\" \/><figcaption class=\"elementor-image-carousel-caption\">Campe\u00f5es do Futebol de Rua<\/figcaption><\/figure><\/div><div class=\"swiper-slide\" role=\"group\" aria-roledescription=\"slide\" aria-label=\"2 of 7\"><figure class=\"swiper-slide-inner\"><img decoding=\"async\" class=\"swiper-slide-image\" src=\"https:\/\/cjfa.pt\/wp-content\/uploads\/2024\/03\/actividades2.png\" alt=\"Festas de Anivers\u00e1rio\" \/><figcaption class=\"elementor-image-carousel-caption\">Festas de Anivers\u00e1rio<\/figcaption><\/figure><\/div><div class=\"swiper-slide\" role=\"group\" aria-roledescription=\"slide\" aria-label=\"3 of 7\"><figure class=\"swiper-slide-inner\"><img decoding=\"async\" class=\"swiper-slide-image\" src=\"https:\/\/cjfa.pt\/wp-content\/uploads\/2024\/03\/actividades3.png\" alt=\"Torneios internos\" \/><figcaption class=\"elementor-image-carousel-caption\">Torneios internos<\/figcaption><\/figure><\/div><div class=\"swiper-slide\" role=\"group\" aria-roledescription=\"slide\" aria-label=\"4 of 7\"><figure class=\"swiper-slide-inner\"><img decoding=\"async\" class=\"swiper-slide-image\" src=\"https:\/\/cjfa.pt\/wp-content\/uploads\/2024\/03\/actividades4.png\" alt=\"Foto de grupo com escuteiros belgas\" \/><figcaption class=\"elementor-image-carousel-caption\">Foto de grupo com escuteiros belgas<\/figcaption><\/figure><\/div><div class=\"swiper-slide\" role=\"group\" aria-roledescription=\"slide\" aria-label=\"5 of 7\"><figure class=\"swiper-slide-inner\"><img decoding=\"async\" class=\"swiper-slide-image\" src=\"https:\/\/cjfa.pt\/wp-content\/uploads\/2024\/03\/actividades5.jpg\" alt=\"Artesanato\" \/><figcaption class=\"elementor-image-carousel-caption\">Artesanato<\/figcaption><\/figure><\/div><div class=\"swiper-slide\" role=\"group\" aria-roledescription=\"slide\" aria-label=\"6 of 7\"><figure class=\"swiper-slide-inner\"><img decoding=\"async\" class=\"swiper-slide-image\" src=\"https:\/\/cjfa.pt\/wp-content\/uploads\/2024\/03\/actividades6.jpg\" alt=\"Venda de Natal\" \/><figcaption class=\"elementor-image-carousel-caption\">Venda de Natal<\/figcaption><\/figure><\/div><div class=\"swiper-slide\" role=\"group\" aria-roledescription=\"slide\" aria-label=\"7 of 7\"><figure class=\"swiper-slide-inner\"><img decoding=\"async\" class=\"swiper-slide-image\" src=\"https:\/\/cjfa.pt\/wp-content\/uploads\/2024\/03\/actividades7.jpg\" alt=\"Jantar solid\u00e1rio\" \/><figcaption class=\"elementor-image-carousel-caption\">Jantar solid\u00e1rio<\/figcaption><\/figure><\/div>\t\t\t<\/div>\n\t\t\t\t\t\t\t\t\t\t\t\t<div class=\"elementor-swiper-button elementor-swiper-button-prev\" role=\"button\" tabindex=\"0\">\n\t\t\t\t\t\t<svg aria-hidden=\"true\" class=\"e-font-icon-svg e-eicon-chevron-left\" viewBox=\"0 0 1000 1000\" xmlns=\"http:\/\/www.w3.org\/2000\/svg\"><path d=\"M646 125C629 125 613 133 604 142L308 442C296 454 292 471 292 487 292 504 296 521 308 533L604 854C617 867 629 875 646 875 663 875 679 871 692 858 704 846 713 829 713 812 713 796 708 779 692 767L438 487 692 225C700 217 708 204 708 187 708 171 704 154 692 142 675 129 663 125 646 125Z\"><\/path><\/svg>\t\t\t\t\t<\/div>\n\t\t\t\t\t<div class=\"elementor-swiper-button elementor-swiper-button-next\" role=\"button\" tabindex=\"0\">\n\t\t\t\t\t\t<svg aria-hidden=\"true\" class=\"e-font-icon-svg e-eicon-chevron-right\" viewBox=\"0 0 1000 1000\" xmlns=\"http:\/\/www.w3.org\/2000\/svg\"><path d=\"M696 533C708 521 713 504 713 487 713 471 708 454 696 446L400 146C388 133 375 125 354 125 338 125 325 129 313 142 300 154 292 171 292 187 292 204 296 221 308 233L563 492 304 771C292 783 288 800 288 817 288 833 296 850 308 863 321 871 338 875 354 875 371 875 388 867 400 854L696 533Z\"><\/path><\/svg>\t\t\t\t\t<\/div>\n\t\t\t\t\n\t\t\t\t\t\t\t\t\t<div class=\"swiper-pagination\"><\/div>\n\t\t\t\t\t\t\t\t\t<\/div>\n\t\t\t\t<\/div>\n\t\t\t\t<\/div>\n\t\t\t\t<div class=\"elementor-element elementor-element-50a27c2 elementor-widget elementor-widget-text-editor\" data-id=\"50a27c2\" data-element_type=\"widget\" data-widget_type=\"text-editor.default\">\n\t\t\t\t<div class=\"elementor-widget-container\">\n\t\t\t<style>\/*! elementor - v3.20.0 - 13-03-2024 *\/\n.elementor-widget-text-editor.elementor-drop-cap-view-stacked .elementor-drop-cap{background-color:#69727d;color:#fff}.elementor-widget-text-editor.elementor-drop-cap-view-framed .elementor-drop-cap{color:#69727d;border:3px solid;background-color:transparent}.elementor-widget-text-editor:not(.elementor-drop-cap-view-default) .elementor-drop-cap{margin-top:8px}.elementor-widget-text-editor:not(.elementor-drop-cap-view-default) .elementor-drop-cap-letter{width:1em;height:1em}.elementor-widget-text-editor .elementor-drop-cap{float:left;text-align:center;line-height:1;font-size:50px}.elementor-widget-text-editor .elementor-drop-cap-letter{display:inline-block}<\/style>\t\t\t\t<p>Como j\u00e1 foi referido, considera-se fundamental para o desenvolvimento integral das crian\u00e7as e jovens integrados nas Casas de Acolhimento Residencial, a pr\u00e1tica de actividades extra-escolares, como os desportos e a frequ\u00eancia de outras actividades complementares \u00e0 sua forma\u00e7\u00e3o<\/p>\n<p>Assim, ao longo do ano, t\u00eam-se dinamizado actividades l\u00fadico-pedag\u00f3gicas e desportivas nas instala\u00e7\u00f5es das CAR, como torneios de Jogos de Tabuleiro, de T\u00e9nis de Mesa, Matraquilhos, etc&#8230; bem como as Festas de Anivers\u00e1rio de cada crian\u00e7a e jovem, as festas do calend\u00e1rio anual \u2013Natal, Ano Novo, Carnaval, P\u00e1scoa, festa de Final de Ano Lectivo, Dia de S. Francisco, S. Martinho, etc\u2026.<span style=\"color: var( --e-global-color-text ); font-family: var( --e-global-typography-text-font-family ), Sans-serif; font-weight: var( --e-global-typography-text-font-weight ); text-align: var(--text-align); font-size: 1rem;\">&nbsp;<\/span><\/p><div>\n<div>\n<p>Fomentam-se torneios de futebol internos e com grupos externos, a \u201cCa\u00e7a ao Tesouro\u201d, brincadeiras internas com bal\u00f5es de \u00e1gua, idas \u00e0 praia e \u00e0s piscinas de Coimbra e arredores, descidas do Rio Mondego em caiaque, caminhadas e piqueniques, Col\u00f3nias de f\u00e9rias, eventuais idas ao cinema e a restaurantes, participa\u00e7\u00e3o em diferentes eventos desenvolvidos por outras entidades, como a participa\u00e7\u00e3o em feiras de artesanato locais, e visitas \u00e0s v\u00e1rias feiras regionais, aos diferentes Pres\u00e9pios monumentais da regi\u00e3o, aos monumentos hist\u00f3ricos e locais de interesse hist\u00f3rico e geogr\u00e1fico, a concertos, ao cortejo da Queima das Fitas, etc&#8230;.<i><\/i><\/p>\n<\/div>\n<\/div>\n<p>\u00c9 sempre com muito prazer que recebemos outros grupos que nos visitam, ocasi\u00e3o para dinamizar actividades em que todos participam &#8211; Ca\u00e7a ao Tesouro, jogos de futebol, etc&#8230; \u2013 terminando com um lanche conv\u00edvio.<i><\/i><\/p>\n<p>A CJFA participa em eventos promovidos por outras entidades, como a Feira de Artesanado de Vila Nova de Poiares, desfile de Carnaval, e outros&#8230; Promovem-se tamb\u00e9m actividades para angaria\u00e7\u00e3o de fundos, como vendas de Natal, jantares e concertos solid\u00e1rios, participa\u00e7\u00e3o na Feira sem Regras, faz-se recolha de bens em supermercados, outros&#8230;.<\/p>\t\t\t\t\t\t<\/div>\n\t\t\t\t<\/div>\n\t\t\t\t\t<\/div>\n\t\t\t\t<\/div>\n\t\t\t\t<\/div>\n\t\t","protected":false},"excerpt":{"rendered":"<p>Campe\u00f5es do Futebol de Rua Festas de Anivers\u00e1rio Torneios internos Foto de grupo com escuteiros belgas Artesanato Venda de Natal Jantar solid\u00e1rio Como j\u00e1 foi referido, considera-se fundamental para o desenvolvimento integral das crian\u00e7as e jovens integrados nas Casas de Acolhimento Residencial, a pr\u00e1tica de actividades extra-escolares, como os desportos e a frequ\u00eancia de outras [&hellip;]<\/p>\n","protected":false},"author":1,"featured_media":0,"parent":0,"menu_order":0,"comment_status":"closed","ping_status":"closed","template":"","meta":{"footnotes":""},"_links":{"self":[{"href":"https:\/\/cjfa.pt\/index.php?rest_route=\/wp\/v2\/pages\/220"}],"collection":[{"href":"https:\/\/cjfa.pt\/index.php?rest_route=\/wp\/v2\/pages"}],"about":[{"href":"https:\/\/cjfa.pt\/index.php?rest_route=\/wp\/v2\/types\/page"}],"author":[{"embeddable":true,"href":"https:\/\/cjfa.pt\/index.php?rest_route=\/wp\/v2\/users\/1"}],"replies":[{"embeddable":true,"href":"https:\/\/cjfa.pt\/index.php?rest_route=%2Fwp%2Fv2%2Fcomments&post=220"}],"version-history":[{"count":19,"href":"https:\/\/cjfa.pt\/index.php?rest_route=\/wp\/v2\/pages\/220\/revisions"}],"predecessor-version":[{"id":479,"href":"https:\/\/cjfa.pt\/index.php?rest_route=\/wp\/v2\/pages\/220\/revisions\/479"}],"wp:attachment":[{"href":"https:\/\/cjfa.pt\/index.php?rest_route=%2Fwp%2Fv2%2Fmedia&parent=220"}],"curies":[{"name":"wp","href":"https:\/\/api.w.org\/{rel}","templated":true}]}}