{"id":239,"date":"2024-03-26T00:46:51","date_gmt":"2024-03-26T00:46:51","guid":{"rendered":"https:\/\/cjfa.pt\/?page_id=239"},"modified":"2024-03-28T16:12:34","modified_gmt":"2024-03-28T16:12:34","slug":"apoiar-a-cjfa","status":"publish","type":"page","link":"https:\/\/cjfa.pt\/?page_id=239","title":{"rendered":"APOIAR A CJFA"},"content":{"rendered":"\t\t<div data-elementor-type=\"wp-page\" data-elementor-id=\"239\" class=\"elementor elementor-239\" data-elementor-post-type=\"page\">\n\t\t\t\t<div class=\"elementor-element elementor-element-fcab1a2 e-flex e-con-boxed e-con e-parent\" data-id=\"fcab1a2\" data-element_type=\"container\" data-core-v316-plus=\"true\">\n\t\t\t\t\t<div class=\"e-con-inner\">\n\t\t\t\t<div class=\"elementor-element elementor-element-0a752d3 elementor-widget elementor-widget-text-editor\" data-id=\"0a752d3\" data-element_type=\"widget\" data-widget_type=\"text-editor.default\">\n\t\t\t\t<div class=\"elementor-widget-container\">\n\t\t\t<style>\/*! elementor - v3.20.0 - 13-03-2024 *\/\n.elementor-widget-text-editor.elementor-drop-cap-view-stacked .elementor-drop-cap{background-color:#69727d;color:#fff}.elementor-widget-text-editor.elementor-drop-cap-view-framed .elementor-drop-cap{color:#69727d;border:3px solid;background-color:transparent}.elementor-widget-text-editor:not(.elementor-drop-cap-view-default) .elementor-drop-cap{margin-top:8px}.elementor-widget-text-editor:not(.elementor-drop-cap-view-default) .elementor-drop-cap-letter{width:1em;height:1em}.elementor-widget-text-editor .elementor-drop-cap{float:left;text-align:center;line-height:1;font-size:50px}.elementor-widget-text-editor .elementor-drop-cap-letter{display:inline-block}<\/style>\t\t\t\t\t\t\t\t\t\t<\/div>\n\t\t\t\t<\/div>\n\t\t\t\t\t<\/div>\n\t\t\t\t<\/div>\n\t\t<div class=\"elementor-element elementor-element-ca50e26 e-flex e-con-boxed e-con e-parent\" data-id=\"ca50e26\" data-element_type=\"container\" data-core-v316-plus=\"true\">\n\t\t\t\t\t<div class=\"e-con-inner\">\n\t\t<div class=\"elementor-element elementor-element-9f997f5 e-con-full e-flex e-con e-child\" data-id=\"9f997f5\" data-element_type=\"container\">\n\t\t\t\t<div class=\"elementor-element elementor-element-56fa949 elementor-widget elementor-widget-accordion\" data-id=\"56fa949\" data-element_type=\"widget\" data-widget_type=\"accordion.default\">\n\t\t\t\t<div class=\"elementor-widget-container\">\n\t\t\t<style>\/*! elementor - v3.20.0 - 13-03-2024 *\/\n.elementor-accordion{text-align:left}.elementor-accordion .elementor-accordion-item{border:1px solid #d5d8dc}.elementor-accordion .elementor-accordion-item+.elementor-accordion-item{border-top:none}.elementor-accordion .elementor-tab-title{margin:0;padding:15px 20px;font-weight:700;line-height:1;cursor:pointer;outline:none}.elementor-accordion .elementor-tab-title .elementor-accordion-icon{display:inline-block;width:1.5em}.elementor-accordion .elementor-tab-title .elementor-accordion-icon svg{width:1em;height:1em}.elementor-accordion .elementor-tab-title .elementor-accordion-icon.elementor-accordion-icon-right{float:right;text-align:right}.elementor-accordion .elementor-tab-title .elementor-accordion-icon.elementor-accordion-icon-left{float:left;text-align:left}.elementor-accordion .elementor-tab-title .elementor-accordion-icon .elementor-accordion-icon-closed{display:block}.elementor-accordion .elementor-tab-title .elementor-accordion-icon .elementor-accordion-icon-opened,.elementor-accordion .elementor-tab-title.elementor-active .elementor-accordion-icon-closed{display:none}.elementor-accordion .elementor-tab-title.elementor-active .elementor-accordion-icon-opened{display:block}.elementor-accordion .elementor-tab-content{display:none;padding:15px 20px;border-top:1px solid #d5d8dc}@media (max-width:767px){.elementor-accordion .elementor-tab-title{padding:12px 15px}.elementor-accordion .elementor-tab-title .elementor-accordion-icon{width:1.2em}.elementor-accordion .elementor-tab-content{padding:7px 15px}}.e-con-inner>.elementor-widget-accordion,.e-con>.elementor-widget-accordion{width:var(--container-widget-width);--flex-grow:var(--container-widget-flex-grow)}<\/style>\t\t<div class=\"elementor-accordion\">\n\t\t\t\t\t\t\t<div class=\"elementor-accordion-item\">\n\t\t\t\t\t<div id=\"elementor-tab-title-9121\" class=\"elementor-tab-title\" data-tab=\"1\" role=\"button\" aria-controls=\"elementor-tab-content-9121\" aria-expanded=\"false\">\n\t\t\t\t\t\t\t\t\t\t\t\t\t<span class=\"elementor-accordion-icon elementor-accordion-icon-left\" aria-hidden=\"true\">\n\t\t\t\t\t\t\t\t\t\t\t\t\t\t\t<span class=\"elementor-accordion-icon-closed\"><svg class=\"e-font-icon-svg e-fas-plus\" viewBox=\"0 0 448 512\" xmlns=\"http:\/\/www.w3.org\/2000\/svg\"><path d=\"M416 208H272V64c0-17.67-14.33-32-32-32h-32c-17.67 0-32 14.33-32 32v144H32c-17.67 0-32 14.33-32 32v32c0 17.67 14.33 32 32 32h144v144c0 17.67 14.33 32 32 32h32c17.67 0 32-14.33 32-32V304h144c17.67 0 32-14.33 32-32v-32c0-17.67-14.33-32-32-32z\"><\/path><\/svg><\/span>\n\t\t\t\t\t\t\t\t<span class=\"elementor-accordion-icon-opened\"><svg class=\"e-font-icon-svg e-fas-minus\" viewBox=\"0 0 448 512\" xmlns=\"http:\/\/www.w3.org\/2000\/svg\"><path d=\"M416 208H32c-17.67 0-32 14.33-32 32v32c0 17.67 14.33 32 32 32h384c17.67 0 32-14.33 32-32v-32c0-17.67-14.33-32-32-32z\"><\/path><\/svg><\/span>\n\t\t\t\t\t\t\t\t\t\t\t\t\t\t<\/span>\n\t\t\t\t\t\t\t\t\t\t\t\t<a class=\"elementor-accordion-title\" tabindex=\"0\">Donativo monet\u00e1rio<\/a>\n\t\t\t\t\t<\/div>\n\t\t\t\t\t<div id=\"elementor-tab-content-9121\" class=\"elementor-tab-content elementor-clearfix\" data-tab=\"1\" role=\"region\" aria-labelledby=\"elementor-tab-title-9121\"><p><img fetchpriority=\"high\" decoding=\"async\" class=\"alignnone size-medium wp-image-366\" src=\"https:\/\/cjfa-pt.preview-domain.com\/wp-content\/uploads\/2024\/03\/A-300x169.jpg\" alt=\"\" width=\"300\" height=\"169\" srcset=\"https:\/\/cjfa.pt\/wp-content\/uploads\/2024\/03\/A-300x169.jpg 300w, https:\/\/cjfa.pt\/wp-content\/uploads\/2024\/03\/A-1024x576.jpg 1024w, https:\/\/cjfa.pt\/wp-content\/uploads\/2024\/03\/A-768x432.jpg 768w, https:\/\/cjfa.pt\/wp-content\/uploads\/2024\/03\/A-1536x864.jpg 1536w, https:\/\/cjfa.pt\/wp-content\/uploads\/2024\/03\/A-2048x1152.jpg 2048w\" sizes=\"(max-width: 300px) 100vw, 300px\" \/><\/p><p>Poder\u00e1 apoiar a CJFA atrav\u00e9s de donativo<\/p><ul>&#8211; Em dinheiro ou cheque &#8211; entregar no endere\u00e7o abaixo<\/ul><ul>&#8211; Em dep\u00f3sito ou transfer\u00eancia banc\u00e1ria &#8211; enviar comprovativo por mail ou carta<\/ul><p>Conta banc\u00e1ria \/\u00a0NIB: 0035 0255 0018 5136 6306 9<\/p><p>Endere\u00e7o: CJFA &#8211; Rua Cruz do vale do Seixo, 2, 3020-085 Eiras &#8211; COIMBRA<br \/>E-mail:\u00a0<a>contabilidade@cjfa.pt<\/a><\/p><p>Para emiss\u00e3o de Recibo (e respetivo benef\u00edcio fiscal), solicita-se a indica\u00e7\u00e3o de:<\/p><ul><li style=\"list-style-type: none;\"><ul>Nome<\/ul><\/li><\/ul><ul><li style=\"list-style-type: none;\"><ul>N\u00ba de Contribuinte<\/ul><\/li><\/ul><ul><li style=\"list-style-type: none;\"><ul>Morada<\/ul><\/li><\/ul><ul>Endere\u00e7o de e-mail (se tiver)<\/ul><\/div>\n\t\t\t\t<\/div>\n\t\t\t\t\t\t\t<div class=\"elementor-accordion-item\">\n\t\t\t\t\t<div id=\"elementor-tab-title-9122\" class=\"elementor-tab-title\" data-tab=\"2\" role=\"button\" aria-controls=\"elementor-tab-content-9122\" aria-expanded=\"false\">\n\t\t\t\t\t\t\t\t\t\t\t\t\t<span class=\"elementor-accordion-icon elementor-accordion-icon-left\" aria-hidden=\"true\">\n\t\t\t\t\t\t\t\t\t\t\t\t\t\t\t<span class=\"elementor-accordion-icon-closed\"><svg class=\"e-font-icon-svg e-fas-plus\" viewBox=\"0 0 448 512\" xmlns=\"http:\/\/www.w3.org\/2000\/svg\"><path d=\"M416 208H272V64c0-17.67-14.33-32-32-32h-32c-17.67 0-32 14.33-32 32v144H32c-17.67 0-32 14.33-32 32v32c0 17.67 14.33 32 32 32h144v144c0 17.67 14.33 32 32 32h32c17.67 0 32-14.33 32-32V304h144c17.67 0 32-14.33 32-32v-32c0-17.67-14.33-32-32-32z\"><\/path><\/svg><\/span>\n\t\t\t\t\t\t\t\t<span class=\"elementor-accordion-icon-opened\"><svg class=\"e-font-icon-svg e-fas-minus\" viewBox=\"0 0 448 512\" xmlns=\"http:\/\/www.w3.org\/2000\/svg\"><path d=\"M416 208H32c-17.67 0-32 14.33-32 32v32c0 17.67 14.33 32 32 32h384c17.67 0 32-14.33 32-32v-32c0-17.67-14.33-32-32-32z\"><\/path><\/svg><\/span>\n\t\t\t\t\t\t\t\t\t\t\t\t\t\t<\/span>\n\t\t\t\t\t\t\t\t\t\t\t\t<a class=\"elementor-accordion-title\" tabindex=\"0\">Donativo em Bens ou Servi\u00e7os<\/a>\n\t\t\t\t\t<\/div>\n\t\t\t\t\t<div id=\"elementor-tab-content-9122\" class=\"elementor-tab-content elementor-clearfix\" data-tab=\"2\" role=\"region\" aria-labelledby=\"elementor-tab-title-9122\"><p><img decoding=\"async\" class=\"alignnone size-medium wp-image-367\" src=\"https:\/\/cjfa-pt.preview-domain.com\/wp-content\/uploads\/2024\/03\/B-300x214.jpg\" alt=\"\" width=\"300\" height=\"214\" srcset=\"https:\/\/cjfa.pt\/wp-content\/uploads\/2024\/03\/B-300x214.jpg 300w, https:\/\/cjfa.pt\/wp-content\/uploads\/2024\/03\/B-1024x731.jpg 1024w, https:\/\/cjfa.pt\/wp-content\/uploads\/2024\/03\/B-768x549.jpg 768w, https:\/\/cjfa.pt\/wp-content\/uploads\/2024\/03\/B-1536x1097.jpg 1536w, https:\/\/cjfa.pt\/wp-content\/uploads\/2024\/03\/B-2048x1463.jpg 2048w\" sizes=\"(max-width: 300px) 100vw, 300px\" \/><\/p><p>Poder\u00e1 apoiar a CJFA doando bens materiais (g\u00e9neros alimentares, roupas, brinquedos, ferramentas, pequenos aparelhos, etc) que podem suprir algumas necessidades das Casas de Acolhimento Residencial para crian\u00e7as e jovens (em Eiras &#8211; Coimbra e em Olho Marinho &#8211; Vila Nova de Poiares), bem como da Comunidade de Inser\u00e7\u00e3o para Mulheres em Risco &#8220;Fam\u00edlia Unida&#8221; (em Eiras).<\/p><p>Poder\u00e1 tamb\u00e9m apoiar, seja individualmente seja atrav\u00e9s da sua empresa, doando servi\u00e7os que poder\u00e3o ser muito importantes para a miss\u00e3o da CJFA, como repara\u00e7\u00f5es em carpintaria e canaliza\u00e7\u00e3o, transporte pontual de carga, poda de \u00e1rvores e outras artes.<\/p><p>Para mais informa\u00e7\u00e3o:<br \/>S\u00f3nia Aguilar | 239 496 732 |\u00a0<a>contabilidade@cjfa.pt<\/a><\/p><\/div>\n\t\t\t\t<\/div>\n\t\t\t\t\t\t\t<div class=\"elementor-accordion-item\">\n\t\t\t\t\t<div id=\"elementor-tab-title-9123\" class=\"elementor-tab-title\" data-tab=\"3\" role=\"button\" aria-controls=\"elementor-tab-content-9123\" aria-expanded=\"false\">\n\t\t\t\t\t\t\t\t\t\t\t\t\t<span class=\"elementor-accordion-icon elementor-accordion-icon-left\" aria-hidden=\"true\">\n\t\t\t\t\t\t\t\t\t\t\t\t\t\t\t<span class=\"elementor-accordion-icon-closed\"><svg class=\"e-font-icon-svg e-fas-plus\" viewBox=\"0 0 448 512\" xmlns=\"http:\/\/www.w3.org\/2000\/svg\"><path d=\"M416 208H272V64c0-17.67-14.33-32-32-32h-32c-17.67 0-32 14.33-32 32v144H32c-17.67 0-32 14.33-32 32v32c0 17.67 14.33 32 32 32h144v144c0 17.67 14.33 32 32 32h32c17.67 0 32-14.33 32-32V304h144c17.67 0 32-14.33 32-32v-32c0-17.67-14.33-32-32-32z\"><\/path><\/svg><\/span>\n\t\t\t\t\t\t\t\t<span class=\"elementor-accordion-icon-opened\"><svg class=\"e-font-icon-svg e-fas-minus\" viewBox=\"0 0 448 512\" xmlns=\"http:\/\/www.w3.org\/2000\/svg\"><path d=\"M416 208H32c-17.67 0-32 14.33-32 32v32c0 17.67 14.33 32 32 32h384c17.67 0 32-14.33 32-32v-32c0-17.67-14.33-32-32-32z\"><\/path><\/svg><\/span>\n\t\t\t\t\t\t\t\t\t\t\t\t\t\t<\/span>\n\t\t\t\t\t\t\t\t\t\t\t\t<a class=\"elementor-accordion-title\" tabindex=\"0\">Consigna\u00e7\u00e3o 0.5% do IRS<\/a>\n\t\t\t\t\t<\/div>\n\t\t\t\t\t<div id=\"elementor-tab-content-9123\" class=\"elementor-tab-content elementor-clearfix\" data-tab=\"3\" role=\"region\" aria-labelledby=\"elementor-tab-title-9123\"><p><img decoding=\"async\" class=\"alignnone size-medium wp-image-368\" src=\"https:\/\/cjfa-pt.preview-domain.com\/wp-content\/uploads\/2024\/03\/C-300x146.jpg\" alt=\"\" width=\"300\" height=\"146\" srcset=\"https:\/\/cjfa.pt\/wp-content\/uploads\/2024\/03\/C-300x146.jpg 300w, https:\/\/cjfa.pt\/wp-content\/uploads\/2024\/03\/C-1024x498.jpg 1024w, https:\/\/cjfa.pt\/wp-content\/uploads\/2024\/03\/C-768x373.jpg 768w, https:\/\/cjfa.pt\/wp-content\/uploads\/2024\/03\/C-1536x747.jpg 1536w, https:\/\/cjfa.pt\/wp-content\/uploads\/2024\/03\/C.jpg 1670w\" sizes=\"(max-width: 300px) 100vw, 300px\" \/><\/p><p>Ao preencher a Declara\u00e7\u00e3o de IRS, pode ajudar a CJFA doando 0,5% do valor cobrado pela Autoridade Tribut\u00e1ria, sem custos para si.<\/p><p>Para isso:<\/p><ul>\u2022 Modelo 3 \/ quadro 11<\/ul><ul>\u2022 Marcar a op\u00e7\u00e3o &#8220;Institui\u00e7\u00f5es particulares de solidariedade social&#8221; e &#8220;IRS&#8221;<\/ul><ul>\u2022 Preencher o NIF da CJFA:\u00a0501 808 876<\/ul><p>\u00a0<\/p><\/div>\n\t\t\t\t<\/div>\n\t\t\t\t\t\t\t\t\t\t<script type=\"application\/ld+json\">{\"@context\":\"https:\\\/\\\/schema.org\",\"@type\":\"FAQPage\",\"mainEntity\":[{\"@type\":\"Question\",\"name\":\"Donativo monet\\u00e1rio\",\"acceptedAnswer\":{\"@type\":\"Answer\",\"text\":\"<p><img class=\\\"alignnone size-medium wp-image-366\\\" src=\\\"https:\\\/\\\/cjfa-pt.preview-domain.com\\\/wp-content\\\/uploads\\\/2024\\\/03\\\/A-300x169.jpg\\\" alt=\\\"\\\" width=\\\"300\\\" height=\\\"169\\\" \\\/><\\\/p><p>Poder\\u00e1 apoiar a CJFA atrav\\u00e9s de donativo<\\\/p><ul>&#8211; Em dinheiro ou cheque &#8211; entregar no endere\\u00e7o abaixo<\\\/ul><ul>&#8211; Em dep\\u00f3sito ou transfer\\u00eancia banc\\u00e1ria &#8211; enviar comprovativo por mail ou carta<\\\/ul><p>Conta banc\\u00e1ria \\\/\\u00a0NIB: 0035 0255 0018 5136 6306 9<\\\/p><p>Endere\\u00e7o: CJFA &#8211; Rua Cruz do vale do Seixo, 2, 3020-085 Eiras &#8211; COIMBRA<br \\\/>E-mail:\\u00a0<a>contabilidade@cjfa.pt<\\\/a><\\\/p><p>Para emiss\\u00e3o de Recibo (e respetivo benef\\u00edcio fiscal), solicita-se a indica\\u00e7\\u00e3o de:<\\\/p><ul><li style=\\\"list-style-type: none;\\\"><ul>Nome<\\\/ul><\\\/li><\\\/ul><ul><li style=\\\"list-style-type: none;\\\"><ul>N\\u00ba de Contribuinte<\\\/ul><\\\/li><\\\/ul><ul><li style=\\\"list-style-type: none;\\\"><ul>Morada<\\\/ul><\\\/li><\\\/ul><ul>Endere\\u00e7o de e-mail (se tiver)<\\\/ul>\"}},{\"@type\":\"Question\",\"name\":\"Donativo em Bens ou Servi\\u00e7os\",\"acceptedAnswer\":{\"@type\":\"Answer\",\"text\":\"<p><img class=\\\"alignnone size-medium wp-image-367\\\" src=\\\"https:\\\/\\\/cjfa-pt.preview-domain.com\\\/wp-content\\\/uploads\\\/2024\\\/03\\\/B-300x214.jpg\\\" alt=\\\"\\\" width=\\\"300\\\" height=\\\"214\\\" \\\/><\\\/p><p>Poder\\u00e1 apoiar a CJFA doando bens materiais (g\\u00e9neros alimentares, roupas, brinquedos, ferramentas, pequenos aparelhos, etc) que podem suprir algumas necessidades das Casas de Acolhimento Residencial para crian\\u00e7as e jovens (em Eiras &#8211; Coimbra e em Olho Marinho &#8211; Vila Nova de Poiares), bem como da Comunidade de Inser\\u00e7\\u00e3o para Mulheres em Risco &#8220;Fam\\u00edlia Unida&#8221; (em Eiras).<\\\/p><p>Poder\\u00e1 tamb\\u00e9m apoiar, seja individualmente seja atrav\\u00e9s da sua empresa, doando servi\\u00e7os que poder\\u00e3o ser muito importantes para a miss\\u00e3o da CJFA, como repara\\u00e7\\u00f5es em carpintaria e canaliza\\u00e7\\u00e3o, transporte pontual de carga, poda de \\u00e1rvores e outras artes.<\\\/p><p>Para mais informa\\u00e7\\u00e3o:<br \\\/>S\\u00f3nia Aguilar | 239 496 732 |\\u00a0<a>contabilidade@cjfa.pt<\\\/a><\\\/p>\"}},{\"@type\":\"Question\",\"name\":\"Consigna\\u00e7\\u00e3o 0.5% do IRS\",\"acceptedAnswer\":{\"@type\":\"Answer\",\"text\":\"<p><img class=\\\"alignnone size-medium wp-image-368\\\" src=\\\"https:\\\/\\\/cjfa-pt.preview-domain.com\\\/wp-content\\\/uploads\\\/2024\\\/03\\\/C-300x146.jpg\\\" alt=\\\"\\\" width=\\\"300\\\" height=\\\"146\\\" \\\/><\\\/p><p>Ao preencher a Declara\\u00e7\\u00e3o de IRS, pode ajudar a CJFA doando 0,5% do valor cobrado pela Autoridade Tribut\\u00e1ria, sem custos para si.<\\\/p><p>Para isso:<\\\/p><ul>\\u2022 Modelo 3 \\\/ quadro 11<\\\/ul><ul>\\u2022 Marcar a op\\u00e7\\u00e3o &#8220;Institui\\u00e7\\u00f5es particulares de solidariedade social&#8221; e &#8220;IRS&#8221;<\\\/ul><ul>\\u2022 Preencher o NIF da CJFA:\\u00a0501 808 876<\\\/ul><p>\\u00a0<\\\/p>\"}}]}<\/script>\n\t\t\t\t\t<\/div>\n\t\t\t\t<\/div>\n\t\t\t\t<\/div>\n\t\t\t\t<\/div>\n\t\t\t\t\t<\/div>\n\t\t\t\t<\/div>\n\t\t<div class=\"elementor-element elementor-element-3dfb404 e-flex e-con-boxed e-con e-parent\" data-id=\"3dfb404\" data-element_type=\"container\" data-core-v316-plus=\"true\">\n\t\t\t\t\t<div class=\"e-con-inner\">\n\t\t\t\t<div class=\"elementor-element elementor-element-603577e elementor-widget elementor-widget-spacer\" data-id=\"603577e\" data-element_type=\"widget\" data-widget_type=\"spacer.default\">\n\t\t\t\t<div class=\"elementor-widget-container\">\n\t\t\t<style>\/*! elementor - v3.20.0 - 13-03-2024 *\/\n.elementor-column .elementor-spacer-inner{height:var(--spacer-size)}.e-con{--container-widget-width:100%}.e-con-inner>.elementor-widget-spacer,.e-con>.elementor-widget-spacer{width:var(--container-widget-width,var(--spacer-size));--align-self:var(--container-widget-align-self,initial);--flex-shrink:0}.e-con-inner>.elementor-widget-spacer>.elementor-widget-container,.e-con>.elementor-widget-spacer>.elementor-widget-container{height:100%;width:100%}.e-con-inner>.elementor-widget-spacer>.elementor-widget-container>.elementor-spacer,.e-con>.elementor-widget-spacer>.elementor-widget-container>.elementor-spacer{height:100%}.e-con-inner>.elementor-widget-spacer>.elementor-widget-container>.elementor-spacer>.elementor-spacer-inner,.e-con>.elementor-widget-spacer>.elementor-widget-container>.elementor-spacer>.elementor-spacer-inner{height:var(--container-widget-height,var(--spacer-size))}.e-con-inner>.elementor-widget-spacer.elementor-widget-empty,.e-con>.elementor-widget-spacer.elementor-widget-empty{position:relative;min-height:22px;min-width:22px}.e-con-inner>.elementor-widget-spacer.elementor-widget-empty .elementor-widget-empty-icon,.e-con>.elementor-widget-spacer.elementor-widget-empty .elementor-widget-empty-icon{position:absolute;top:0;bottom:0;left:0;right:0;margin:auto;padding:0;width:22px;height:22px}<\/style>\t\t<div class=\"elementor-spacer\">\n\t\t\t<div class=\"elementor-spacer-inner\"><\/div>\n\t\t<\/div>\n\t\t\t\t<\/div>\n\t\t\t\t<\/div>\n\t\t\t\t\t<\/div>\n\t\t\t\t<\/div>\n\t\t\t\t<\/div>\n\t\t","protected":false},"excerpt":{"rendered":"<p>Donativo monet\u00e1rio Poder\u00e1 apoiar a CJFA atrav\u00e9s de donativo &#8211; Em dinheiro ou cheque &#8211; entregar no endere\u00e7o abaixo &#8211; Em dep\u00f3sito ou transfer\u00eancia banc\u00e1ria &#8211; enviar comprovativo por mail ou carta Conta banc\u00e1ria \/\u00a0NIB: 0035 0255 0018 5136 6306 9 Endere\u00e7o: CJFA &#8211; Rua Cruz do vale do Seixo, 2, 3020-085 Eiras &#8211; COIMBRAE-mail:\u00a0contabilidade@cjfa.pt [&hellip;]<\/p>\n","protected":false},"author":1,"featured_media":0,"parent":0,"menu_order":0,"comment_status":"closed","ping_status":"closed","template":"","meta":{"footnotes":""},"_links":{"self":[{"href":"https:\/\/cjfa.pt\/index.php?rest_route=\/wp\/v2\/pages\/239"}],"collection":[{"href":"https:\/\/cjfa.pt\/index.php?rest_route=\/wp\/v2\/pages"}],"about":[{"href":"https:\/\/cjfa.pt\/index.php?rest_route=\/wp\/v2\/types\/page"}],"author":[{"embeddable":true,"href":"https:\/\/cjfa.pt\/index.php?rest_route=\/wp\/v2\/users\/1"}],"replies":[{"embeddable":true,"href":"https:\/\/cjfa.pt\/index.php?rest_route=%2Fwp%2Fv2%2Fcomments&post=239"}],"version-history":[{"count":41,"href":"https:\/\/cjfa.pt\/index.php?rest_route=\/wp\/v2\/pages\/239\/revisions"}],"predecessor-version":[{"id":482,"href":"https:\/\/cjfa.pt\/index.php?rest_route=\/wp\/v2\/pages\/239\/revisions\/482"}],"wp:attachment":[{"href":"https:\/\/cjfa.pt\/index.php?rest_route=%2Fwp%2Fv2%2Fmedia&parent=239"}],"curies":[{"name":"wp","href":"https:\/\/api.w.org\/{rel}","templated":true}]}}