{"id":245,"date":"2024-03-26T00:53:08","date_gmt":"2024-03-26T00:53:08","guid":{"rendered":"https:\/\/cjfa.pt\/?page_id=245"},"modified":"2024-03-28T16:06:09","modified_gmt":"2024-03-28T16:06:09","slug":"contactos","status":"publish","type":"page","link":"https:\/\/cjfa.pt\/?page_id=245","title":{"rendered":"Contactos"},"content":{"rendered":"\t\t<div data-elementor-type=\"wp-page\" data-elementor-id=\"245\" class=\"elementor elementor-245\" data-elementor-post-type=\"page\">\n\t\t\t\t<div class=\"elementor-element elementor-element-2a693a7 e-flex e-con-boxed e-con e-parent\" data-id=\"2a693a7\" data-element_type=\"container\" data-core-v316-plus=\"true\">\n\t\t\t\t\t<div class=\"e-con-inner\">\n\t\t\t\t<div class=\"elementor-element elementor-element-3a5d1d6 elementor-widget elementor-widget-text-editor\" data-id=\"3a5d1d6\" data-element_type=\"widget\" data-widget_type=\"text-editor.default\">\n\t\t\t\t<div class=\"elementor-widget-container\">\n\t\t\t<style>\/*! elementor - v3.20.0 - 13-03-2024 *\/\n.elementor-widget-text-editor.elementor-drop-cap-view-stacked .elementor-drop-cap{background-color:#69727d;color:#fff}.elementor-widget-text-editor.elementor-drop-cap-view-framed .elementor-drop-cap{color:#69727d;border:3px solid;background-color:transparent}.elementor-widget-text-editor:not(.elementor-drop-cap-view-default) .elementor-drop-cap{margin-top:8px}.elementor-widget-text-editor:not(.elementor-drop-cap-view-default) .elementor-drop-cap-letter{width:1em;height:1em}.elementor-widget-text-editor .elementor-drop-cap{float:left;text-align:center;line-height:1;font-size:50px}.elementor-widget-text-editor .elementor-drop-cap-letter{display:inline-block}<\/style>\t\t\t\t<p>\u00a0<\/p><h2 style=\"font-family: Roboto, sans-serif; color: #7a7a7a;\">Dire\u00e7\u00e3o<\/h2><div><p><b>E-mail <\/b>|\u00a0<a href=\"mailto:direcao@cjfa-pt.preview-domain.com\">direcao@<\/a><a style=\"font-family: var( --e-global-typography-text-font-family ), Sans-serif; font-weight: var( --e-global-typography-text-font-weight ); text-align: var(--text-align); font-size: 1rem; background-color: #ffffff;\" href=\"mailto:contabilidade@cjfa-pt.preview-domain.com\">cjfa<\/a><span style=\"color: var( --e-global-color-text ); font-family: var( --e-global-typography-text-font-family ), Sans-serif; font-weight: var( --e-global-typography-text-font-weight ); text-align: var(--text-align); font-size: 1rem;\">.pt<\/span><\/p><h2>Geral &#8211; Sede<\/h2><p><b>Telefone <\/b>|\u00a0<a href=\"tel:+351239826351\">239 826 351<\/a><\/p><p><b>Fax <\/b>| 239 496 254<\/p><hr \/><h2>Casa de Acolhimento Residencial &#8211; Eiras (Coimbra)<\/h2><p><b>Telefone <\/b>|\u00a0<a href=\"tel:+351239826351\">239 826 351<\/a><\/p><p><b>Telem\u00f3vel <\/b>|\u00a0<a href=\"tel:+351962602637\">962 602 637<\/a><\/p><p><b>E-mail<\/b> |\u00a0<a href=\"tecnica.eiras@cjfa.pt\">tecnica.eiras@<\/a><a style=\"font-family: var( --e-global-typography-text-font-family ), Sans-serif; font-weight: var( --e-global-typography-text-font-weight ); text-align: var(--text-align); font-size: 1rem; background-color: #ffffff;\" href=\"mailto:contabilidade@cjfa-pt.preview-domain.com\">cjfa<\/a><span style=\"color: var( --e-global-color-text ); font-family: var( --e-global-typography-text-font-family ), Sans-serif; font-weight: var( --e-global-typography-text-font-weight ); text-align: var(--text-align); font-size: 1rem;\">.pt<\/span><\/p><hr \/><h2>Casa de Acolhimento Residencial &#8211; Olho Marinho (Vila Nova de Poiares)<\/h2><p><b>Telefone <\/b>|\u00a0<a href=\"tel:+351239423830\">239 423 830<\/a><\/p><p><b>Telem\u00f3vel <\/b>|\u00a0<a href=\"tel:+351966085303\">966 085 303<\/a><\/p><p><b>E-mail<\/b>\u00a0|\u00a0<a href=\"tecnica.om@cjfa.pt\">tecnica.om@<\/a><a style=\"font-family: var( --e-global-typography-text-font-family ), Sans-serif; font-weight: var( --e-global-typography-text-font-weight ); text-align: var(--text-align); font-size: 1rem; background-color: #ffffff;\" href=\"mailto:contabilidade@cjfa-pt.preview-domain.com\">cjfa<\/a><span style=\"color: var( --e-global-color-text ); font-family: var( --e-global-typography-text-font-family ), Sans-serif; font-weight: var( --e-global-typography-text-font-weight ); text-align: var(--text-align); font-size: 1rem;\">.pt<\/span><\/p><hr \/><h2>Comunidade de Inser\u00e7\u00e3o para Mulheres em Risco &#8220;Fam\u00edlia Unida&#8221;<\/h2><p><b>Telefone <\/b>|\u00a0<a href=\"tel:+351239701810\">239 701 810<\/a><\/p><p><b>Telem\u00f3vel <\/b>|\u00a0<a href=\"tel:+351960443635\">960 443 635<\/a><\/p><p><b>E-mail<\/b> |\u00a0<a href=\"cifu@cjfa.pt\">cifu@<\/a><a style=\"font-family: var( --e-global-typography-text-font-family ), Sans-serif; font-weight: var( --e-global-typography-text-font-weight ); text-align: var(--text-align); font-size: 1rem; background-color: #ffffff;\" href=\"mailto:contabilidade@cjfa-pt.preview-domain.com\">cjfa<\/a><span style=\"color: var( --e-global-color-text ); font-family: var( --e-global-typography-text-font-family ), Sans-serif; font-weight: var( --e-global-typography-text-font-weight ); text-align: var(--text-align); font-size: 1rem;\">.pt<\/span><\/p><hr \/><h2>Servi\u00e7o Administrativo e de Contabilidade<\/h2><p><b>Telefone <\/b>|\u00a0<a href=\"tel:+351239496732\">239 496 732<\/a><\/p><p><b>E-mail<\/b> |\u00a0<a href=\"contabilidade@cjfa.pt\">contabilidade@cjfa<\/a>.pt<\/p><hr \/><h2>Endere\u00e7os<\/h2><p>\u00a0<\/p><h4>\u00a0<\/h4><h5>Rua Cruz do Vale do Seixo, n\u00ba 2 &#8211; Eiras<br \/>3020-085 COIMBRA<\/h5><p>\u00a0<\/p><h5>Quinta D. Pedro V &#8211; Rua das M\u00f3s, Olho Marinho<br \/>3350-210 S. MIGUEL DE POIARES<\/h5><p>\u00a0<\/p><\/div>\t\t\t\t\t\t<\/div>\n\t\t\t\t<\/div>\n\t\t\t\t\t<\/div>\n\t\t\t\t<\/div>\n\t\t\t\t<\/div>\n\t\t","protected":false},"excerpt":{"rendered":"<p>\u00a0 Dire\u00e7\u00e3o E-mail |\u00a0direcao@cjfa.pt Geral &#8211; Sede Telefone |\u00a0239 826 351 Fax | 239 496 254 Casa de Acolhimento Residencial &#8211; Eiras (Coimbra) Telefone |\u00a0239 826 351 Telem\u00f3vel |\u00a0962 602 637 E-mail |\u00a0tecnica.eiras@cjfa.pt Casa de Acolhimento Residencial &#8211; Olho Marinho (Vila Nova de Poiares) Telefone |\u00a0239 423 830 Telem\u00f3vel |\u00a0966 085 303 E-mail\u00a0|\u00a0tecnica.om@cjfa.pt Comunidade de [&hellip;]<\/p>\n","protected":false},"author":1,"featured_media":0,"parent":0,"menu_order":0,"comment_status":"closed","ping_status":"closed","template":"","meta":{"footnotes":""},"_links":{"self":[{"href":"https:\/\/cjfa.pt\/index.php?rest_route=\/wp\/v2\/pages\/245"}],"collection":[{"href":"https:\/\/cjfa.pt\/index.php?rest_route=\/wp\/v2\/pages"}],"about":[{"href":"https:\/\/cjfa.pt\/index.php?rest_route=\/wp\/v2\/types\/page"}],"author":[{"embeddable":true,"href":"https:\/\/cjfa.pt\/index.php?rest_route=\/wp\/v2\/users\/1"}],"replies":[{"embeddable":true,"href":"https:\/\/cjfa.pt\/index.php?rest_route=%2Fwp%2Fv2%2Fcomments&post=245"}],"version-history":[{"count":25,"href":"https:\/\/cjfa.pt\/index.php?rest_route=\/wp\/v2\/pages\/245\/revisions"}],"predecessor-version":[{"id":454,"href":"https:\/\/cjfa.pt\/index.php?rest_route=\/wp\/v2\/pages\/245\/revisions\/454"}],"wp:attachment":[{"href":"https:\/\/cjfa.pt\/index.php?rest_route=%2Fwp%2Fv2%2Fmedia&parent=245"}],"curies":[{"name":"wp","href":"https:\/\/api.w.org\/{rel}","templated":true}]}}