{"id":95,"date":"2024-03-25T22:53:41","date_gmt":"2024-03-25T22:53:41","guid":{"rendered":"https:\/\/cjfa.pt\/?page_id=95"},"modified":"2024-03-28T16:08:00","modified_gmt":"2024-03-28T16:08:00","slug":"car_eiras","status":"publish","type":"page","link":"https:\/\/cjfa.pt\/?page_id=95","title":{"rendered":"CAR Eiras"},"content":{"rendered":"\t\t<div data-elementor-type=\"wp-page\" data-elementor-id=\"95\" class=\"elementor elementor-95\" data-elementor-post-type=\"page\">\n\t\t\t\t<div class=\"elementor-element elementor-element-7032683 e-flex e-con-boxed e-con e-parent\" data-id=\"7032683\" data-element_type=\"container\" data-core-v316-plus=\"true\">\n\t\t\t\t\t<div class=\"e-con-inner\">\n\t\t\t\t<div class=\"elementor-element elementor-element-2c16c68 elementor-arrows-position-outside elementor-pagination-position-outside elementor-widget elementor-widget-image-carousel\" data-id=\"2c16c68\" data-element_type=\"widget\" data-settings=\"{&quot;slides_to_show&quot;:&quot;1&quot;,&quot;navigation&quot;:&quot;both&quot;,&quot;autoplay&quot;:&quot;yes&quot;,&quot;pause_on_hover&quot;:&quot;yes&quot;,&quot;pause_on_interaction&quot;:&quot;yes&quot;,&quot;autoplay_speed&quot;:5000,&quot;infinite&quot;:&quot;yes&quot;,&quot;effect&quot;:&quot;slide&quot;,&quot;speed&quot;:500}\" data-widget_type=\"image-carousel.default\">\n\t\t\t\t<div class=\"elementor-widget-container\">\n\t\t\t<style>\/*! elementor - v3.20.0 - 13-03-2024 *\/\n.elementor-widget-image-carousel .swiper,.elementor-widget-image-carousel .swiper-container{position:static}.elementor-widget-image-carousel .swiper-container .swiper-slide figure,.elementor-widget-image-carousel .swiper .swiper-slide figure{line-height:inherit}.elementor-widget-image-carousel .swiper-slide{text-align:center}.elementor-image-carousel-wrapper:not(.swiper-container-initialized):not(.swiper-initialized) .swiper-slide{max-width:calc(100% \/ var(--e-image-carousel-slides-to-show, 3))}<\/style>\t\t<div class=\"elementor-image-carousel-wrapper swiper\" dir=\"ltr\">\n\t\t\t<div class=\"elementor-image-carousel swiper-wrapper\" aria-live=\"off\">\n\t\t\t\t\t\t\t\t<div class=\"swiper-slide\" role=\"group\" aria-roledescription=\"slide\" aria-label=\"1 of 8\"><figure class=\"swiper-slide-inner\"><img decoding=\"async\" class=\"swiper-slide-image\" src=\"https:\/\/cjfa.pt\/wp-content\/uploads\/2024\/03\/eiras1-2.jpg\" alt=\"A Casa de Acolhimento Residencial de Eiras\" \/><figcaption class=\"elementor-image-carousel-caption\">A Casa de Acolhimento Residencial de Eiras<\/figcaption><\/figure><\/div><div class=\"swiper-slide\" role=\"group\" aria-roledescription=\"slide\" aria-label=\"2 of 8\"><figure class=\"swiper-slide-inner\"><img decoding=\"async\" class=\"swiper-slide-image\" src=\"https:\/\/cjfa.pt\/wp-content\/uploads\/2024\/03\/eiras2-1.jpg\" alt=\"Casas de habita\u00e7\u00e3o unifamiliares\" \/><figcaption class=\"elementor-image-carousel-caption\">Casas de habita\u00e7\u00e3o unifamiliares<\/figcaption><\/figure><\/div><div class=\"swiper-slide\" role=\"group\" aria-roledescription=\"slide\" aria-label=\"3 of 8\"><figure class=\"swiper-slide-inner\"><img decoding=\"async\" class=\"swiper-slide-image\" src=\"https:\/\/cjfa.pt\/wp-content\/uploads\/2024\/03\/eiras3-2.jpg\" alt=\"Vista de parte da Ludoteca\" \/><figcaption class=\"elementor-image-carousel-caption\">Vista de parte da Ludoteca<\/figcaption><\/figure><\/div><div class=\"swiper-slide\" role=\"group\" aria-roledescription=\"slide\" aria-label=\"4 of 8\"><figure class=\"swiper-slide-inner\"><img decoding=\"async\" class=\"swiper-slide-image\" src=\"https:\/\/cjfa.pt\/wp-content\/uploads\/2024\/03\/eiras4-2.jpg\" alt=\"Vista da Cozinha\" \/><figcaption class=\"elementor-image-carousel-caption\">Vista da Cozinha<\/figcaption><\/figure><\/div><div class=\"swiper-slide\" role=\"group\" aria-roledescription=\"slide\" aria-label=\"5 of 8\"><figure class=\"swiper-slide-inner\"><img decoding=\"async\" class=\"swiper-slide-image\" src=\"https:\/\/cjfa.pt\/wp-content\/uploads\/2024\/03\/eiras5-2.jpg\" alt=\"Cozinha central - fog\u00e3o industrial\" \/><figcaption class=\"elementor-image-carousel-caption\">Cozinha central - fog\u00e3o industrial<\/figcaption><\/figure><\/div><div class=\"swiper-slide\" role=\"group\" aria-roledescription=\"slide\" aria-label=\"6 of 8\"><figure class=\"swiper-slide-inner\"><img decoding=\"async\" class=\"swiper-slide-image\" src=\"https:\/\/cjfa.pt\/wp-content\/uploads\/2024\/03\/eiras6-2.jpg\" alt=\"Refeit\u00f3rio \u2013 Copa\" \/><figcaption class=\"elementor-image-carousel-caption\">Refeit\u00f3rio \u2013 Copa<\/figcaption><\/figure><\/div><div class=\"swiper-slide\" role=\"group\" aria-roledescription=\"slide\" aria-label=\"7 of 8\"><figure class=\"swiper-slide-inner\"><img decoding=\"async\" class=\"swiper-slide-image\" src=\"https:\/\/cjfa.pt\/wp-content\/uploads\/2024\/03\/eiras7-2.jpg\" alt=\"Refeit\u00f3rio \u2013 espa\u00e7o de refei\u00e7\u00f5es\" \/><figcaption class=\"elementor-image-carousel-caption\">Refeit\u00f3rio \u2013 espa\u00e7o de refei\u00e7\u00f5es<\/figcaption><\/figure><\/div><div class=\"swiper-slide\" role=\"group\" aria-roledescription=\"slide\" aria-label=\"8 of 8\"><figure class=\"swiper-slide-inner\"><img decoding=\"async\" class=\"swiper-slide-image\" src=\"https:\/\/cjfa.pt\/wp-content\/uploads\/2024\/03\/eiras8-2.jpg\" alt=\"O tabuleiro de xadrez \u2013 uma aula de \u201czumba\u201d\" \/><figcaption class=\"elementor-image-carousel-caption\">O tabuleiro de xadrez \u2013 uma aula de \u201czumba\u201d<\/figcaption><\/figure><\/div>\t\t\t<\/div>\n\t\t\t\t\t\t\t\t\t\t\t\t<div class=\"elementor-swiper-button elementor-swiper-button-prev\" role=\"button\" tabindex=\"0\">\n\t\t\t\t\t\t<svg aria-hidden=\"true\" class=\"e-font-icon-svg e-eicon-chevron-left\" viewBox=\"0 0 1000 1000\" xmlns=\"http:\/\/www.w3.org\/2000\/svg\"><path d=\"M646 125C629 125 613 133 604 142L308 442C296 454 292 471 292 487 292 504 296 521 308 533L604 854C617 867 629 875 646 875 663 875 679 871 692 858 704 846 713 829 713 812 713 796 708 779 692 767L438 487 692 225C700 217 708 204 708 187 708 171 704 154 692 142 675 129 663 125 646 125Z\"><\/path><\/svg>\t\t\t\t\t<\/div>\n\t\t\t\t\t<div class=\"elementor-swiper-button elementor-swiper-button-next\" role=\"button\" tabindex=\"0\">\n\t\t\t\t\t\t<svg aria-hidden=\"true\" class=\"e-font-icon-svg e-eicon-chevron-right\" viewBox=\"0 0 1000 1000\" xmlns=\"http:\/\/www.w3.org\/2000\/svg\"><path d=\"M696 533C708 521 713 504 713 487 713 471 708 454 696 446L400 146C388 133 375 125 354 125 338 125 325 129 313 142 300 154 292 171 292 187 292 204 296 221 308 233L563 492 304 771C292 783 288 800 288 817 288 833 296 850 308 863 321 871 338 875 354 875 371 875 388 867 400 854L696 533Z\"><\/path><\/svg>\t\t\t\t\t<\/div>\n\t\t\t\t\n\t\t\t\t\t\t\t\t\t<div class=\"swiper-pagination\"><\/div>\n\t\t\t\t\t\t\t\t\t<\/div>\n\t\t\t\t<\/div>\n\t\t\t\t<\/div>\n\t\t\t\t<div class=\"elementor-element elementor-element-50a27c2 elementor-widget elementor-widget-text-editor\" data-id=\"50a27c2\" data-element_type=\"widget\" data-widget_type=\"text-editor.default\">\n\t\t\t\t<div class=\"elementor-widget-container\">\n\t\t\t<style>\/*! elementor - v3.20.0 - 13-03-2024 *\/\n.elementor-widget-text-editor.elementor-drop-cap-view-stacked .elementor-drop-cap{background-color:#69727d;color:#fff}.elementor-widget-text-editor.elementor-drop-cap-view-framed .elementor-drop-cap{color:#69727d;border:3px solid;background-color:transparent}.elementor-widget-text-editor:not(.elementor-drop-cap-view-default) .elementor-drop-cap{margin-top:8px}.elementor-widget-text-editor:not(.elementor-drop-cap-view-default) .elementor-drop-cap-letter{width:1em;height:1em}.elementor-widget-text-editor .elementor-drop-cap{float:left;text-align:center;line-height:1;font-size:50px}.elementor-widget-text-editor .elementor-drop-cap-letter{display:inline-block}<\/style>\t\t\t\t<p>A&nbsp;<b>Casa de Acolhimento Residencial de Eiras<\/b>, com capacidade para 45 crian\u00e7as e jovens, \u00e9 constituida por um conjunto de casas pr\u00e9-fabricadas, das quais 8 s\u00e3o&nbsp;<b>unidades familiares<\/b>, estando uma delas cedida \u00e0 fundadora, que a\u00ed reside.<\/p>\n<p>Tem ainda um espa\u00e7o amplo para os tempos livres dos jovens, a <b>Ludoteca<\/b>, onde existe um palco, que permite a realiza\u00e7\u00e3o de eventos festivos, como as festas de Natal, de Fim de Ano, etc&#8230;.<\/p>\n<p>Tem um&nbsp;<b>edif\u00edcio<\/b>&nbsp;ocupado pela&nbsp;<b>Direc\u00e7\u00e3o<\/b>&nbsp;e pela&nbsp;<b>Equipa T\u00e9cnica<\/b>, um edif\u00edcio com <b>Gabinete de Apoio ao Estudo<\/b>, onde as crian\u00e7as e jovens podem realizar os seus trabalhos bem como usufruir do apoio de um(a) Professor(a) destacada pelo Minist\u00e9rio da Educa\u00e7\u00e3o; esse edif\u00edcio tem ainda gabinetes para actividades de tempos livres, como o <b>Gabinete de Artes Pl\u00e1sticas \u201cCRIARTE\u201d, Atelier de Costura, o Atelier de Cozinha<\/b>, bem como uma Biblioteca. Uma outra casa serve de apoio a reuni\u00f5es e visitas de familiares e amigos.<\/p>\n<p>A&nbsp;<b>Contabilidade<\/b>&nbsp;e o&nbsp;<b>Secretariado<\/b> t\u00eam um edif\u00edcio pr\u00f3prio, onde tamb\u00e9m est\u00e1 o <b>Gabinete da Directora T\u00e9cnica<\/b>&nbsp;e da&nbsp;<b>Psic\u00f3loga da Casa das M\u00e3es<\/b>&nbsp;(CIFU).<\/p>\n<p>Sendo indispens\u00e1vel uma&nbsp;<b>cozinha central<\/b>, que serve ambas as respostas sociais \u2013 Casa de Acolhimento Residencial e Comunidade de Inser\u00e7\u00e3o Fam\u00edlia Unida (CIFU) \u2013 esta situa- se num edif\u00edcio pr\u00f3prio, de constru\u00e7\u00e3o de alvenaria de tijolo; tem anexas as despensas, em espa\u00e7os separados. J\u00e1 no exterior, mas muito pr\u00f3ximo, tem um pequeno telheiro apetrechado para <b>churrascos<\/b>.<i><\/i><\/p>\n<p>Num edif\u00edcio situado muito perto da cozinha e da churrascaria fica o&nbsp;<b>refeit\u00f3rio<\/b>, que \u00e9 um espa\u00e7o amplo, dotado de 2 casas de banho simples, e de um lavat\u00f3rio comum, bem como espa\u00e7o de copa, onde s\u00e3o servidas as refei\u00e7\u00f5es \u00e0s crian\u00e7as e jovens e aos funcion\u00e1rios.<\/p>\n<p>Tem ainda uma oficina, uma lavandaria com m\u00e1quinas industriais, uma rouparia e diversos arrumos.<\/p>\n<p>As unifamiliares s\u00e3o independentes, separadas entre si por espa\u00e7os verdes, e apetrechadas como qualquer casa de fam\u00edlia, com mob\u00edlia apropriada e electrodom\u00e9sticos, para treino de autonomia.<\/p>\n<p>No espa\u00e7o exterior tem um campo de jogos, baloi\u00e7os para os mais pequenos, e ainda um grande \u201ctabuleiro\u201d de xadrez ou \u201cdamas\u201d, e muito espa\u00e7o para passear e brincar.<\/p>\n<p><em>Durante o tempo de aulas a maioria das crian\u00e7as e jovens tem o almo\u00e7o servido nas respectivas escolas. Ao jantar e ceia, sempre que poss\u00edvel, comem nas suas casas.<\/em><\/p>\t\t\t\t\t\t<\/div>\n\t\t\t\t<\/div>\n\t\t\t\t\t<\/div>\n\t\t\t\t<\/div>\n\t\t\t\t<\/div>\n\t\t","protected":false},"excerpt":{"rendered":"<p>A Casa de Acolhimento Residencial de Eiras Casas de habita\u00e7\u00e3o unifamiliares Vista de parte da Ludoteca Vista da Cozinha Cozinha central &#8211; fog\u00e3o industrial Refeit\u00f3rio \u2013 Copa Refeit\u00f3rio \u2013 espa\u00e7o de refei\u00e7\u00f5es O tabuleiro de xadrez \u2013 uma aula de \u201czumba\u201d A&nbsp;Casa de Acolhimento Residencial de Eiras, com capacidade para 45 crian\u00e7as e jovens, \u00e9 [&hellip;]<\/p>\n","protected":false},"author":1,"featured_media":0,"parent":0,"menu_order":0,"comment_status":"closed","ping_status":"closed","template":"","meta":{"footnotes":""},"_links":{"self":[{"href":"https:\/\/cjfa.pt\/index.php?rest_route=\/wp\/v2\/pages\/95"}],"collection":[{"href":"https:\/\/cjfa.pt\/index.php?rest_route=\/wp\/v2\/pages"}],"about":[{"href":"https:\/\/cjfa.pt\/index.php?rest_route=\/wp\/v2\/types\/page"}],"author":[{"embeddable":true,"href":"https:\/\/cjfa.pt\/index.php?rest_route=\/wp\/v2\/users\/1"}],"replies":[{"embeddable":true,"href":"https:\/\/cjfa.pt\/index.php?rest_route=%2Fwp%2Fv2%2Fcomments&post=95"}],"version-history":[{"count":26,"href":"https:\/\/cjfa.pt\/index.php?rest_route=\/wp\/v2\/pages\/95\/revisions"}],"predecessor-version":[{"id":464,"href":"https:\/\/cjfa.pt\/index.php?rest_route=\/wp\/v2\/pages\/95\/revisions\/464"}],"wp:attachment":[{"href":"https:\/\/cjfa.pt\/index.php?rest_route=%2Fwp%2Fv2%2Fmedia&parent=95"}],"curies":[{"name":"wp","href":"https:\/\/api.w.org\/{rel}","templated":true}]}}